{"id":6241,"date":"2015-10-15T11:14:30","date_gmt":"2015-10-15T11:14:30","guid":{"rendered":"http:\/\/www.adentity.se\/sv\/?page_id=6241"},"modified":"2024-09-20T11:53:57","modified_gmt":"2024-09-20T11:53:57","slug":"vart-erbjudande","status":"publish","type":"page","link":"https:\/\/adentity.se\/sv\/vart-erbjudande\/","title":{"rendered":"Vi hj\u00e4lper internationella f\u00f6retag att st\u00e4rka sina varum\u00e4rken &#8211; fr\u00e5n strategi, koncept till integrerade kampanjer i relevanta kanaler."},"content":{"rendered":"","protected":false},"excerpt":{"rendered":"","protected":false},"author":1,"featured_media":0,"parent":0,"menu_order":20,"comment_status":"open","ping_status":"open","template":"","meta":{"_acf_changed":false,"inline_featured_image":false,"_mi_skip_tracking":false,"_monsterinsights_sitenote_active":false,"_monsterinsights_sitenote_note":"","_monsterinsights_sitenote_category":0,"footnotes":""},"class_list":["post-6241","page","type-page","status-publish","hentry"],"acf":[],"_links":{"self":[{"href":"https:\/\/adentity.se\/sv\/wp-json\/wp\/v2\/pages\/6241","targetHints":{"allow":["GET"]}}],"collection":[{"href":"https:\/\/adentity.se\/sv\/wp-json\/wp\/v2\/pages"}],"about":[{"href":"https:\/\/adentity.se\/sv\/wp-json\/wp\/v2\/types\/page"}],"author":[{"embeddable":true,"href":"https:\/\/adentity.se\/sv\/wp-json\/wp\/v2\/users\/1"}],"replies":[{"embeddable":true,"href":"https:\/\/adentity.se\/sv\/wp-json\/wp\/v2\/comments?post=6241"}],"version-history":[{"count":49,"href":"https:\/\/adentity.se\/sv\/wp-json\/wp\/v2\/pages\/6241\/revisions"}],"predecessor-version":[{"id":16496,"href":"https:\/\/adentity.se\/sv\/wp-json\/wp\/v2\/pages\/6241\/revisions\/16496"}],"wp:attachment":[{"href":"https:\/\/adentity.se\/sv\/wp-json\/wp\/v2\/media?parent=6241"}],"curies":[{"name":"wp","href":"https:\/\/api.w.org\/{rel}","templated":true}]}}